{"id":14,"date":"2026-02-10T15:18:09","date_gmt":"2026-02-10T14:18:09","guid":{"rendered":"https:\/\/kajaki.niubrands.pl\/?page_id=14"},"modified":"2026-03-03T01:31:04","modified_gmt":"2026-03-03T00:31:04","slug":"home","status":"publish","type":"page","link":"https:\/\/kajaki.niubrands.pl\/","title":{"rendered":"Home"},"content":{"rendered":"<section class=\"bde-section-14-112 bde-section\">\n              \n  \n  \n\t\n\n  <div class=\"section-background-overlay\"><\/div>\n\n\n<div class=\"section-container\"><div class=\"bde-div-14-113 bde-div\">\n  \n  \n\t\n\n\n\n<h1 class=\"bde-heading-14-115 bde-heading\">\n<br>Kajaki W\u0142odzimierz\u00f3w Artur\n<\/h1><div class=\"bde-text-14-116 bde-text\">\nOferujemy pe\u0142ne emocji sp\u0142ywy kajakowe , idealne dla rodzin, przyjaci\u00f3\u0142 oraz grup firmowych. To doskona\u0142y spos\u00f3b na aktywny relaks, blisko natury, z dala od miejskiego ha\u0142asu \u2013 w jednym z najpi\u0119kniejszych region\u00f3w centralnej Polski.\n<\/div>\n<\/div><\/div>\n<\/section><section class=\"bde-section-14-120 bde-section\">\n  \n  \n\t\n\n\n\n<div class=\"section-container\"><div class=\"bde-div-14-121 bde-div\">\n  \n  \n\t\n\n\n\n<h2 class=\"bde-heading-14-122 bde-heading\">\nWypo\u017cyczalnia kajak\u00f3w<br>- Trasy sp\u0142yw\u00f3w\n<\/h2><div class=\"bde-text-14-123 bde-text\">\nDla pocz\u0105tkuj\u0105cych i zaawansowanych\n<\/div>\n<\/div><div class=\"bde-div-14-124 bde-div\">\n  \n  \n\t\n\n\n\n<div class=\"bde-columns-14-251 bde-columns\"><div class=\"bde-column-14-252 bde-column\">\n  \n  \n\t\n\n\n\n<div class=\"bde-div-14-125 bde-div\">\n  \n  \n\t\n\n\n\n<img decoding=\"async\" class=\"bde-image2-14-126 bde-image2\" src=\"https:\/\/kajaki.niubrands.pl\/wp-content\/uploads\/2026\/02\/Kajaki_Wlodzimierzow-10-scaled.jpg\" loading=\"lazy\" srcset=\"https:\/\/kajaki.niubrands.pl\/wp-content\/uploads\/2026\/02\/Kajaki_Wlodzimierzow-10-scaled.jpg 2560w, https:\/\/kajaki.niubrands.pl\/wp-content\/uploads\/2026\/02\/Kajaki_Wlodzimierzow-10-300x225.jpg 300w, https:\/\/kajaki.niubrands.pl\/wp-content\/uploads\/2026\/02\/Kajaki_Wlodzimierzow-10-1024x768.jpg 1024w, https:\/\/kajaki.niubrands.pl\/wp-content\/uploads\/2026\/02\/Kajaki_Wlodzimierzow-10-768x576.jpg 768w, https:\/\/kajaki.niubrands.pl\/wp-content\/uploads\/2026\/02\/Kajaki_Wlodzimierzow-10-1536x1152.jpg 1536w, https:\/\/kajaki.niubrands.pl\/wp-content\/uploads\/2026\/02\/Kajaki_Wlodzimierzow-10-2048x1536.jpg 2048w\" sizes=\"(max-width: 2560px) 100vw, 2560px\"><a class=\"bde-container-link-14-128 bde-container-link breakdance-link\" href=\"#\" target=\"_self\">\n  \n  \n\t\n\n\n\n<h3 class=\"bde-heading-14-129 bde-heading\">\nPilica\n<\/h3>\n\n<\/a><div class=\"bde-text-14-131 bde-text\">\nWybierz sp\u0142yw rzek\u0105 Pilica i ciesz si\u0119 spokojnym nurtem oraz szerokimi, piaszczystymi brzegami idealnymi na rodzinny wypoczynek.\n<\/div><div class=\"bde-button-14-248 bde-button\">\n    \n                        \n                        \n    \n    \n    \n    \n            \n                    \n            \n            \n\n    \n    \n    \n    \n    \n    <a class=\"breakdance-link button-atom button-atom--custom bde-button__button\" href=\"https:\/\/kajaki.niubrands.pl\/index.php\/splywy-kajakowe-pilica\/\" target=\"_self\" data-type=\"url\"  >\n\n    \n        <span class=\"button-atom__text\">Wybierz tras\u0119<\/span>\n\n        \n        \n                <\/a>\n\n    \n\n\n<\/div>\n<\/div>\n<\/div><div class=\"bde-column-14-253 bde-column\">\n  \n  \n\t\n\n\n\n<div class=\"bde-div-14-132 bde-div\">\n  \n  \n\t\n\n\n\n<img decoding=\"async\" class=\"bde-image2-14-134 bde-image2\" src=\"https:\/\/kajaki.niubrands.pl\/wp-content\/uploads\/2026\/02\/Kajaki_Wlodzimierzow-10-scaled.jpg\" loading=\"lazy\" srcset=\"https:\/\/kajaki.niubrands.pl\/wp-content\/uploads\/2026\/02\/Kajaki_Wlodzimierzow-10-scaled.jpg 2560w, https:\/\/kajaki.niubrands.pl\/wp-content\/uploads\/2026\/02\/Kajaki_Wlodzimierzow-10-300x225.jpg 300w, https:\/\/kajaki.niubrands.pl\/wp-content\/uploads\/2026\/02\/Kajaki_Wlodzimierzow-10-1024x768.jpg 1024w, https:\/\/kajaki.niubrands.pl\/wp-content\/uploads\/2026\/02\/Kajaki_Wlodzimierzow-10-768x576.jpg 768w, https:\/\/kajaki.niubrands.pl\/wp-content\/uploads\/2026\/02\/Kajaki_Wlodzimierzow-10-1536x1152.jpg 1536w, https:\/\/kajaki.niubrands.pl\/wp-content\/uploads\/2026\/02\/Kajaki_Wlodzimierzow-10-2048x1536.jpg 2048w\" sizes=\"(max-width: 2560px) 100vw, 2560px\"><a class=\"bde-container-link-14-136 bde-container-link breakdance-link\" href=\"#\" target=\"_self\">\n  \n  \n\t\n\n\n\n<h3 class=\"bde-heading-14-137 bde-heading\">\nLuci\u0105\u017ca\n<\/h3>\n\n<\/a><div class=\"bde-text-14-139 bde-text\">\nOdkryj urok rzeki Luci\u0105\u017ca i zanurz si\u0119 w kameralnej atmosferze blisko dzikiej natury.\n<\/div><div class=\"bde-button-14-249 bde-button\">\n    \n                        \n                        \n    \n    \n    \n    \n            \n                    \n            \n            \n\n    \n    \n    \n    \n    \n    <a class=\"breakdance-link button-atom button-atom--custom bde-button__button\" href=\"https:\/\/kajaki.niubrands.pl\/index.php\/splywy-kajakowe-luciaza\/\" target=\"_self\" data-type=\"url\"  >\n\n    \n        <span class=\"button-atom__text\">Wybierz tras\u0119<\/span>\n\n        \n        \n                <\/a>\n\n    \n\n\n<\/div>\n<\/div>\n<\/div><div class=\"bde-column-14-254 bde-column\">\n  \n  \n\t\n\n\n\n<div class=\"bde-div-14-140 bde-div\">\n  \n  \n\t\n\n\n\n<img decoding=\"async\" class=\"bde-image2-14-141 bde-image2\" src=\"https:\/\/kajaki.niubrands.pl\/wp-content\/uploads\/2026\/02\/Kajaki_Wlodzimierzow-10-scaled.jpg\" loading=\"lazy\" srcset=\"https:\/\/kajaki.niubrands.pl\/wp-content\/uploads\/2026\/02\/Kajaki_Wlodzimierzow-10-scaled.jpg 2560w, https:\/\/kajaki.niubrands.pl\/wp-content\/uploads\/2026\/02\/Kajaki_Wlodzimierzow-10-300x225.jpg 300w, https:\/\/kajaki.niubrands.pl\/wp-content\/uploads\/2026\/02\/Kajaki_Wlodzimierzow-10-1024x768.jpg 1024w, https:\/\/kajaki.niubrands.pl\/wp-content\/uploads\/2026\/02\/Kajaki_Wlodzimierzow-10-768x576.jpg 768w, https:\/\/kajaki.niubrands.pl\/wp-content\/uploads\/2026\/02\/Kajaki_Wlodzimierzow-10-1536x1152.jpg 1536w, https:\/\/kajaki.niubrands.pl\/wp-content\/uploads\/2026\/02\/Kajaki_Wlodzimierzow-10-2048x1536.jpg 2048w\" sizes=\"(max-width: 2560px) 100vw, 2560px\"><a class=\"bde-container-link-14-143 bde-container-link breakdance-link\" href=\"#\" target=\"_self\">\n  \n  \n\t\n\n\n\n<h3 class=\"bde-heading-14-144 bde-heading\">\nCzarna Maleniecka\n<\/h3>\n\n<\/a><div class=\"bde-text-14-146 bde-text\">\nPostaw na przygod\u0119 na rzece Czarna Maleniecka i poczuj prawdziwy klimat le\u015bnej, naturalnej trasy kajakowej.\n<\/div><div class=\"bde-button-14-250 bde-button\">\n    \n                        \n                        \n    \n    \n    \n    \n            \n                    \n            \n            \n\n    \n    \n    \n    \n    \n    <a class=\"breakdance-link button-atom button-atom--custom bde-button__button\" href=\"https:\/\/kajaki.niubrands.pl\/index.php\/splywy-kajakowe-rzeka-czarna-maleniecka\/\" target=\"_self\" data-type=\"url\"  >\n\n    \n        <span class=\"button-atom__text\">Wybierz tras\u0119<\/span>\n\n        \n        \n                <\/a>\n\n    \n\n\n<\/div>\n<\/div>\n<\/div><\/div>\n<\/div><\/div>\n<\/section><section class=\"bde-section-14-165 bde-section\">\n  \n  \n\t\n\n\n\n<div class=\"section-container\"><div class=\"bde-columns-14-166 bde-columns\"><div class=\"bde-column-14-167 bde-column\">\n  \n  \n\t\n\n\n\n<img decoding=\"async\" class=\"bde-image2-14-168 bde-image2\" src=\"https:\/\/kajaki.niubrands.pl\/wp-content\/uploads\/2026\/02\/474442407_122162822402279417_1300304844383456679_n.jpg\" loading=\"lazy\" srcset=\"https:\/\/kajaki.niubrands.pl\/wp-content\/uploads\/2026\/02\/474442407_122162822402279417_1300304844383456679_n.jpg 1536w, https:\/\/kajaki.niubrands.pl\/wp-content\/uploads\/2026\/02\/474442407_122162822402279417_1300304844383456679_n-225x300.jpg 225w, https:\/\/kajaki.niubrands.pl\/wp-content\/uploads\/2026\/02\/474442407_122162822402279417_1300304844383456679_n-768x1024.jpg 768w, https:\/\/kajaki.niubrands.pl\/wp-content\/uploads\/2026\/02\/474442407_122162822402279417_1300304844383456679_n-1152x1536.jpg 1152w\" sizes=\"(max-width: 1536px) 100vw, 1536px\">\n<\/div><div class=\"bde-column-14-169 bde-column\">\n  \n  \n\t\n\n\n\n<h2 class=\"bde-heading-14-171 bde-heading\">\nSp\u0142ywy kajakowe rzek\u0105 Pilic\u0105, Luci\u0105\u017c\u0105, Czarn\u0105 Malenieck\u0105 .\n<\/h2><div class=\"bde-text-14-172 bde-text\">\nZapraszamy na niezapomniane sp\u0142ywy kajakowe rzek\u0105 Pilica, Luci\u0105\u017ca oraz Czarna Maleniecka \u2013 w samym sercu natury. To doskona\u0142a propozycja dla rodzin z dzie\u0107mi, grup przyjaci\u00f3\u0142 oraz doros\u0142ych, kt\u00f3rzy chc\u0105 aktywnie sp\u0119dzi\u0107 czas na \u015bwie\u017cym powietrzu. Organizowane przez nas sp\u0142ywy \u0142\u0105cz\u0105 relaks, przygod\u0119 i bezpiecze\u0144stwo w jednym. <br><br>Ka\u017cda z rzek ma sw\u00f3j unikalny charakter, dzi\u0119ki czemu mo\u017cesz wybra\u0107 tras\u0119 idealnie dopasowan\u0105 do swoich oczekiwa\u0144. Pilica zachwyca szerokim, spokojnym nurtem i piaszczystymi brzegami. Luci\u0105\u017ca oferuje bardziej kameralny klimat oraz blisko\u015b\u0107 dzikiej przyrody. Czarna Maleniecka to propozycja dla tych, kt\u00f3rzy ceni\u0105 naturalne krajobrazy i cisz\u0119.\n<\/div><div class=\"bde-div-14-173 bde-div\">\n  \n  \n\t\n\n\n\n<img decoding=\"async\" class=\"bde-image2-14-174 bde-image2\" src=\"https:\/\/kajaki.niubrands.pl\/wp-content\/uploads\/2026\/02\/472341000_122160120662279417_270123398175023953_n.jpg\" loading=\"lazy\" srcset=\"https:\/\/kajaki.niubrands.pl\/wp-content\/uploads\/2026\/02\/472341000_122160120662279417_270123398175023953_n.jpg 2048w, https:\/\/kajaki.niubrands.pl\/wp-content\/uploads\/2026\/02\/472341000_122160120662279417_270123398175023953_n-300x169.jpg 300w, https:\/\/kajaki.niubrands.pl\/wp-content\/uploads\/2026\/02\/472341000_122160120662279417_270123398175023953_n-1024x576.jpg 1024w, https:\/\/kajaki.niubrands.pl\/wp-content\/uploads\/2026\/02\/472341000_122160120662279417_270123398175023953_n-768x432.jpg 768w, https:\/\/kajaki.niubrands.pl\/wp-content\/uploads\/2026\/02\/472341000_122160120662279417_270123398175023953_n-1536x864.jpg 1536w\" sizes=\"(max-width: 2048px) 100vw, 2048px\"><img decoding=\"async\" class=\"bde-image2-14-175 bde-image2\" src=\"https:\/\/kajaki.niubrands.pl\/wp-content\/uploads\/2026\/02\/473595947_122162124416279417_7172425838866712150_n.jpg\" loading=\"lazy\" srcset=\"https:\/\/kajaki.niubrands.pl\/wp-content\/uploads\/2026\/02\/473595947_122162124416279417_7172425838866712150_n.jpg 1600w, https:\/\/kajaki.niubrands.pl\/wp-content\/uploads\/2026\/02\/473595947_122162124416279417_7172425838866712150_n-300x169.jpg 300w, https:\/\/kajaki.niubrands.pl\/wp-content\/uploads\/2026\/02\/473595947_122162124416279417_7172425838866712150_n-1024x576.jpg 1024w, https:\/\/kajaki.niubrands.pl\/wp-content\/uploads\/2026\/02\/473595947_122162124416279417_7172425838866712150_n-768x432.jpg 768w, https:\/\/kajaki.niubrands.pl\/wp-content\/uploads\/2026\/02\/473595947_122162124416279417_7172425838866712150_n-1536x864.jpg 1536w\" sizes=\"(max-width: 1600px) 100vw, 1600px\">\n<\/div>\n<\/div><\/div><div class=\"bde-text-14-176 bde-text\">\nDbamy o pe\u0142n\u0105 organizacj\u0119 sp\u0142ywu \u2013 od transportu uczestnik\u00f3w w g\u00f3r\u0119 rzeki, po wydanie sprawdzonego i bezpiecznego sprz\u0119tu. P\u0142yniesz z nurtem rzeki, bez po\u015bpiechu, w swoim tempie. To idealna okazja, aby oderwa\u0107 si\u0119 od codzienno\u015bci i zanurzy\u0107 w \u015bwiecie natury. Sp\u0142yw kajakowy to tak\u017ce \u015bwietny pomys\u0142 na integracj\u0119, rodzinne \u015bwi\u0119towanie czy aktywny weekend. Nasze trasy s\u0105 odpowiednie zar\u00f3wno dla os\u00f3b pocz\u0105tkuj\u0105cych, jak i tych, kt\u00f3rzy maj\u0105 ju\u017c do\u015bwiadczenie w kajaku.<br><br>Zapewniamy nowoczesne, stabilne kajaki oraz kamizelki asekuracyjne dla ka\u017cdego uczestnika. Stawiamy na bezpiecze\u0144stwo, komfort oraz przyjazn\u0105 atmosfer\u0119. Pi\u0119kne krajobrazy dolin rzecznych sprawiaj\u0105, \u017ce ka\u017cda chwila na wodzie staje si\u0119 wyj\u0105tkowym prze\u017cyciem. W trakcie sp\u0142ywu mo\u017cesz zatrzyma\u0107 si\u0119 na piaszczystej pla\u017cy, odpocz\u0105\u0107 i nacieszy\u0107 cisz\u0105. To aktywno\u015b\u0107, kt\u00f3ra \u0142\u0105czy pokolenia i daje prawdziw\u0105 rado\u015b\u0107 z bycia razem.<br><br>Wybierz swoj\u0105 tras\u0119 i pozw\u00f3l nam zorganizowa\u0107 dla Ciebie niezapomnian\u0105 przygod\u0119 na wodzie. Z nami sp\u0142yw kajakowy to nie tylko rekreacja, ale do\u015bwiadczenie, do kt\u00f3rego chce si\u0119 wraca\u0107.\n<\/div><\/div>\n<\/section><section class=\"bde-section-14-237 bde-section\">\n  \n  \n\t\n\n\n\n<div class=\"section-container\"><div class=\"bde-text-14-238 bde-text\">\nWarto wiedzie\u0107\n<\/div><h2 class=\"bde-heading-14-239 bde-heading\">\nBezpieczne kajakowanie\n<\/h2><div class=\"bde-columns-14-241 bde-columns\"><div class=\"bde-column-14-242 bde-column\">\n  \n  \n\t\n\n\n\n<div class=\"bde-image-box-14-243 bde-image-box\">\n<div class=\"ee-imagebox-image\">\n  <img loading=\"lazy\" decoding=\"async\" class=\"breakdance-image-object\" src=\"https:\/\/kajaki.niubrands.pl\/wp-content\/uploads\/2026\/02\/474377901_122162828390279417_2894720770942876123_n.jpg\" width=\"2048\" height=\"1536\" srcset=\"https:\/\/kajaki.niubrands.pl\/wp-content\/uploads\/2026\/02\/474377901_122162828390279417_2894720770942876123_n.jpg 2048w, https:\/\/kajaki.niubrands.pl\/wp-content\/uploads\/2026\/02\/474377901_122162828390279417_2894720770942876123_n-300x225.jpg 300w, https:\/\/kajaki.niubrands.pl\/wp-content\/uploads\/2026\/02\/474377901_122162828390279417_2894720770942876123_n-1024x768.jpg 1024w, https:\/\/kajaki.niubrands.pl\/wp-content\/uploads\/2026\/02\/474377901_122162828390279417_2894720770942876123_n-768x576.jpg 768w, https:\/\/kajaki.niubrands.pl\/wp-content\/uploads\/2026\/02\/474377901_122162828390279417_2894720770942876123_n-1536x1152.jpg 1536w\" sizes=\"auto, (max-width: 2048px) 100vw, 2048px\">\n<\/div>\n<div class=\"ee-imagebox-content\">\n      <p class=\"ee-imagebox-title bde-h3\" >Zasady bezpiecze\u0144stwa<\/p>\n    \n      <div class=\"ee-imagebox-text\" >Poznaj podstawowe zasady bezpiecze\u0144stwa, kt\u00f3re sprawi\u0105, \u017ce Tw\u00f3j sp\u0142yw kajakowy b\u0119dzie nie tylko przyjemny, ale przede wszystkim bezpieczny.<\/div>\n    \n          \n                        \n                        \n    \n    \n    \n    \n            \n                    \n            \n            \n\n    \n    \n    \n    \n    \n    <a class=\"breakdance-link button-atom button-atom--text ee-imagebox-button\" href=\"https:\/\/kajaki.niubrands.pl\/index.php\/zasady-bezpieczenstwa\/\" target=\"_self\" data-type=\"url\"  >\n\n    \n        <span class=\"button-atom__text\">Czytaj wi\u0119cej<\/span>\n\n        \n        \n                <\/a>\n\n    \n\n  <\/div>\n\n<\/div>\n<\/div><div class=\"bde-column-14-244 bde-column\">\n  \n  \n\t\n\n\n\n<div class=\"bde-image-box-14-245 bde-image-box\">\n<div class=\"ee-imagebox-image\">\n  <img loading=\"lazy\" decoding=\"async\" class=\"breakdance-image-object\" src=\"https:\/\/kajaki.niubrands.pl\/wp-content\/uploads\/2026\/02\/474377901_122162828390279417_2894720770942876123_n.jpg\" width=\"2048\" height=\"1536\" srcset=\"https:\/\/kajaki.niubrands.pl\/wp-content\/uploads\/2026\/02\/474377901_122162828390279417_2894720770942876123_n.jpg 2048w, https:\/\/kajaki.niubrands.pl\/wp-content\/uploads\/2026\/02\/474377901_122162828390279417_2894720770942876123_n-300x225.jpg 300w, https:\/\/kajaki.niubrands.pl\/wp-content\/uploads\/2026\/02\/474377901_122162828390279417_2894720770942876123_n-1024x768.jpg 1024w, https:\/\/kajaki.niubrands.pl\/wp-content\/uploads\/2026\/02\/474377901_122162828390279417_2894720770942876123_n-768x576.jpg 768w, https:\/\/kajaki.niubrands.pl\/wp-content\/uploads\/2026\/02\/474377901_122162828390279417_2894720770942876123_n-1536x1152.jpg 1536w\" sizes=\"auto, (max-width: 2048px) 100vw, 2048px\">\n<\/div>\n<div class=\"ee-imagebox-content\">\n      <p class=\"ee-imagebox-title bde-h3\" >Co zabra\u0107 na kajaki?<\/p>\n    \n      <div class=\"ee-imagebox-text\" >Sprawd\u017a, co warto zabra\u0107 na sp\u0142yw, aby zapewni\u0107 sobie komfort i spokojn\u0105 g\u0142ow\u0119 podczas ca\u0142ej wyprawy.<\/div>\n    \n          \n                        \n                        \n    \n    \n    \n    \n            \n                    \n            \n            \n\n    \n    \n    \n    \n    \n    <a class=\"breakdance-link button-atom button-atom--text ee-imagebox-button\" href=\"https:\/\/kajaki.niubrands.pl\/index.php\/co-zabrac-na-splyw-kajakowy\/\" target=\"_self\" data-type=\"url\"  >\n\n    \n        <span class=\"button-atom__text\">Learn More<\/span>\n\n        \n        \n                <\/a>\n\n    \n\n  <\/div>\n\n<\/div>\n<\/div><div class=\"bde-column-14-246 bde-column\">\n  \n  \n\t\n\n\n\n<div class=\"bde-image-box-14-247 bde-image-box\">\n<div class=\"ee-imagebox-image\">\n  <img loading=\"lazy\" decoding=\"async\" class=\"breakdance-image-object\" src=\"https:\/\/kajaki.niubrands.pl\/wp-content\/uploads\/2026\/02\/474377901_122162828390279417_2894720770942876123_n.jpg\" width=\"2048\" height=\"1536\" srcset=\"https:\/\/kajaki.niubrands.pl\/wp-content\/uploads\/2026\/02\/474377901_122162828390279417_2894720770942876123_n.jpg 2048w, https:\/\/kajaki.niubrands.pl\/wp-content\/uploads\/2026\/02\/474377901_122162828390279417_2894720770942876123_n-300x225.jpg 300w, https:\/\/kajaki.niubrands.pl\/wp-content\/uploads\/2026\/02\/474377901_122162828390279417_2894720770942876123_n-1024x768.jpg 1024w, https:\/\/kajaki.niubrands.pl\/wp-content\/uploads\/2026\/02\/474377901_122162828390279417_2894720770942876123_n-768x576.jpg 768w, https:\/\/kajaki.niubrands.pl\/wp-content\/uploads\/2026\/02\/474377901_122162828390279417_2894720770942876123_n-1536x1152.jpg 1536w\" sizes=\"auto, (max-width: 2048px) 100vw, 2048px\">\n<\/div>\n<div class=\"ee-imagebox-content\">\n      <p class=\"ee-imagebox-title bde-h3\" >Jak sie ubra\u0107 na sp\u0142yw?<\/p>\n    \n      <div class=\"ee-imagebox-text\" >Dowiedz si\u0119, jak odpowiednio si\u0119 ubra\u0107, by czu\u0107 si\u0119 wygodnie i swobodnie niezale\u017cnie od warunk\u00f3w na wodzie.<\/div>\n    \n          \n                        \n                        \n    \n    \n    \n    \n            \n                    \n            \n            \n\n    \n    \n    \n    \n    \n    <a class=\"breakdance-link button-atom button-atom--text ee-imagebox-button\" href=\"https:\/\/kajaki.niubrands.pl\/index.php\/jak-sie-ubrac-na-splyw-kajakowy\/\" target=\"_self\" data-type=\"url\"  >\n\n    \n        <span class=\"button-atom__text\">Learn More<\/span>\n\n        \n        \n                <\/a>\n\n    \n\n  <\/div>\n\n<\/div>\n<\/div><\/div><div class=\"bde-button-14-256 bde-button\">\n    \n                        \n                        \n    \n    \n    \n    \n            \n                    \n            \n            \n\n    \n    \n    \n    \n    \n    <a class=\"breakdance-link button-atom button-atom--custom bde-button__button\" href=\"https:\/\/kajaki.niubrands.pl\/index.php\/warto-wiedziec\/\" target=\"_self\" data-type=\"url\"  >\n\n    \n        <span class=\"button-atom__text\">Wi\u0119cej informacji<\/span>\n\n        \n        \n                <\/a>\n\n    \n\n\n<\/div><\/div>\n<\/section><section class=\"bde-section-14-187 bde-section\">\n              \n  \n  \n\t\n\n  <div class=\"section-background-overlay\"><\/div>\n\n\n<div class=\"section-container\"><div class=\"bde-div-14-188 bde-div\">\n  \n  \n\t\n\n\n\n<h2 class=\"bde-heading-14-190 bde-heading\">\nZaplanuj z nami sw\u00f3j wypoczynek<br><br>Nie tra\u0107 czasu, przygoda czeka!<br><br>100 z\u0142 za kajak\n<\/h2><div class=\"bde-button-14-192 bde-button\">\n    \n                        \n                        \n    \n    \n    \n    \n            \n                    \n            \n            \n\n    \n    \n    \n    \n    \n    <a class=\"breakdance-link button-atom button-atom--custom bde-button__button\" href=\"tel:668662922\" target=\"_self\" data-type=\"contact\"  >\n\n    \n        <span class=\"button-atom__text\">Zarezerwuj sp\u0142yw<\/span>\n\n        \n        \n                <\/a>\n\n    \n\n\n<\/div>\n<\/div><\/div>\n<\/section>","protected":false},"excerpt":{"rendered":"<p>Kajaki W\u0142odzimierz\u00f3w Artur Oferujemy pe\u0142ne emocji sp\u0142ywy kajakowe , idealne dla rodzin, przyjaci\u00f3\u0142 oraz grup firmowych. To doskona\u0142y spos\u00f3b na aktywny relaks, blisko natury, z dala od miejskiego ha\u0142asu \u2013 w jednym z najpi\u0119kniejszych region\u00f3w centralnej Polski. Wypo\u017cyczalnia kajak\u00f3w- Trasy sp\u0142yw\u00f3w Dla pocz\u0105tkuj\u0105cych i zaawansowanych Pilica Wybierz sp\u0142yw rzek\u0105 Pilica i ciesz si\u0119 spokojnym nurtem [&hellip;]<\/p>\n","protected":false},"author":1,"featured_media":0,"parent":0,"menu_order":0,"comment_status":"closed","ping_status":"closed","template":"","meta":{"_breakdance_hide_in_design_set":false,"_breakdance_tags":"","footnotes":""},"class_list":["post-14","page","type-page","status-publish","hentry"],"_links":{"self":[{"href":"https:\/\/kajaki.niubrands.pl\/index.php\/wp-json\/wp\/v2\/pages\/14","targetHints":{"allow":["GET"]}}],"collection":[{"href":"https:\/\/kajaki.niubrands.pl\/index.php\/wp-json\/wp\/v2\/pages"}],"about":[{"href":"https:\/\/kajaki.niubrands.pl\/index.php\/wp-json\/wp\/v2\/types\/page"}],"author":[{"embeddable":true,"href":"https:\/\/kajaki.niubrands.pl\/index.php\/wp-json\/wp\/v2\/users\/1"}],"replies":[{"embeddable":true,"href":"https:\/\/kajaki.niubrands.pl\/index.php\/wp-json\/wp\/v2\/comments?post=14"}],"version-history":[{"count":27,"href":"https:\/\/kajaki.niubrands.pl\/index.php\/wp-json\/wp\/v2\/pages\/14\/revisions"}],"predecessor-version":[{"id":211,"href":"https:\/\/kajaki.niubrands.pl\/index.php\/wp-json\/wp\/v2\/pages\/14\/revisions\/211"}],"wp:attachment":[{"href":"https:\/\/kajaki.niubrands.pl\/index.php\/wp-json\/wp\/v2\/media?parent=14"}],"curies":[{"name":"wp","href":"https:\/\/api.w.org\/{rel}","templated":true}]}}