{"id":57,"date":"2026-02-24T17:24:08","date_gmt":"2026-02-24T16:24:08","guid":{"rendered":"https:\/\/kajaki.niubrands.pl\/?page_id=57"},"modified":"2026-03-03T00:16:11","modified_gmt":"2026-03-02T23:16:11","slug":"sprzet","status":"publish","type":"page","link":"https:\/\/kajaki.niubrands.pl\/index.php\/sprzet\/","title":{"rendered":"Sprz\u0119t"},"content":{"rendered":"<section class=\"bde-section-57-100 bde-section\">\n  \n  \n\t\n\n\n\n<div class=\"section-container\"><h1 class=\"bde-heading-57-101 bde-heading\">\nSp\u0142ywy kajakowe Pilic\u0105<br>Nasz sprz\u0119t\n<\/h1><\/div>\n<\/section><section class=\"bde-section-57-111 bde-section\">\n  \n  \n\t\n\n\n\n<div class=\"section-container\"><h1 class=\"bde-heading-57-112 bde-heading\">\nDysponujemy nowoczesnymi i bezpiecznymi kajakami polietylenowymi:\n<\/h1><\/div>\n<\/section><section class=\"bde-section-57-102 bde-section\">\n  \n  \n\t\n\n\n\n<div class=\"section-container\"><div class=\"bde-columns-57-103 bde-columns\"><div class=\"bde-column-57-104 bde-column\">\n  \n  \n\t\n\n\n\n<img decoding=\"async\" class=\"bde-image2-57-105 bde-image2\" src=\"https:\/\/kajaki.niubrands.pl\/wp-content\/uploads\/2026\/02\/6315e0908fb56_kajak-dwuosobowy-sprinter-ii-scaled.png\" loading=\"lazy\" srcset=\"https:\/\/kajaki.niubrands.pl\/wp-content\/uploads\/2026\/02\/6315e0908fb56_kajak-dwuosobowy-sprinter-ii-scaled.png 2560w, https:\/\/kajaki.niubrands.pl\/wp-content\/uploads\/2026\/02\/6315e0908fb56_kajak-dwuosobowy-sprinter-ii-300x135.png 300w, https:\/\/kajaki.niubrands.pl\/wp-content\/uploads\/2026\/02\/6315e0908fb56_kajak-dwuosobowy-sprinter-ii-1024x462.png 1024w, https:\/\/kajaki.niubrands.pl\/wp-content\/uploads\/2026\/02\/6315e0908fb56_kajak-dwuosobowy-sprinter-ii-768x347.png 768w, https:\/\/kajaki.niubrands.pl\/wp-content\/uploads\/2026\/02\/6315e0908fb56_kajak-dwuosobowy-sprinter-ii-1536x693.png 1536w, https:\/\/kajaki.niubrands.pl\/wp-content\/uploads\/2026\/02\/6315e0908fb56_kajak-dwuosobowy-sprinter-ii-2048x924.png 2048w\" sizes=\"(max-width: 2560px) 100vw, 2560px\">\n<\/div><div class=\"bde-column-57-106 bde-column\">\n  \n  \n\t\n\n\n\n<h2 class=\"bde-heading-57-107 bde-heading\">\nKajak Sprinter\n<\/h2><div class=\"bde-text-57-109 bde-text\">\nWymiary\t <br>D\u0142ugo\u015b\u0107\t4,25m<br>Szeroko\u015b\u0107\t80cm<br>Wysoko\u015b\u0107 burty\t34cm<br>Wysoko\u015b\u0107 max\t36cm<br>Waga\t37kg<br>Wyporno\u015b\u0107\t270kg<br>Kokpit wewn\u0105trz\t221cm x 49cm<br>Tworzywo\tHDPE\n<\/div>\n<\/div><\/div><\/div>\n<\/section><section class=\"bde-section-57-113 bde-section\">\n  \n  \n\t\n\n\n\n<div class=\"section-container\"><div class=\"bde-columns-57-114 bde-columns\"><div class=\"bde-column-57-115 bde-column\">\n  \n  \n\t\n\n\n\n<img decoding=\"async\" class=\"bde-image2-57-116 bde-image2\" src=\"https:\/\/kajaki.niubrands.pl\/wp-content\/uploads\/2026\/02\/6315e0cb12a46_kajak-dwuosobowy-caymann-ecoline-scaled.png\" loading=\"lazy\" srcset=\"https:\/\/kajaki.niubrands.pl\/wp-content\/uploads\/2026\/02\/6315e0cb12a46_kajak-dwuosobowy-caymann-ecoline-scaled.png 2560w, https:\/\/kajaki.niubrands.pl\/wp-content\/uploads\/2026\/02\/6315e0cb12a46_kajak-dwuosobowy-caymann-ecoline-300x150.png 300w, https:\/\/kajaki.niubrands.pl\/wp-content\/uploads\/2026\/02\/6315e0cb12a46_kajak-dwuosobowy-caymann-ecoline-1024x513.png 1024w, https:\/\/kajaki.niubrands.pl\/wp-content\/uploads\/2026\/02\/6315e0cb12a46_kajak-dwuosobowy-caymann-ecoline-768x385.png 768w, https:\/\/kajaki.niubrands.pl\/wp-content\/uploads\/2026\/02\/6315e0cb12a46_kajak-dwuosobowy-caymann-ecoline-1536x770.png 1536w, https:\/\/kajaki.niubrands.pl\/wp-content\/uploads\/2026\/02\/6315e0cb12a46_kajak-dwuosobowy-caymann-ecoline-2048x1026.png 2048w\" sizes=\"(max-width: 2560px) 100vw, 2560px\">\n<\/div><div class=\"bde-column-57-117 bde-column\">\n  \n  \n\t\n\n\n\n<h2 class=\"bde-heading-57-118 bde-heading\">\nKajak Cayman \u2013 z dostawk\u0105 dla dzieci\n<\/h2><div class=\"bde-text-57-120 bde-text\">\n<br>Wymiary\t <br>D\u0142ugo\u015b\u0107\t3,8m<br>Szeroko\u015b\u0107\t82cm<br>Wysoko\u015b\u0107 burty\t32cm<br>Wysoko\u015b\u0107 max\t37cm<br>Waga\t34kg<br>Wyporno\u015b\u0107\t240kg<br>Kokpit wewn\u0105trz\t223cm x 54cm<br>Tworzywo\tLDPE\n<\/div>\n<\/div><\/div><\/div>\n<\/section><section class=\"bde-section-57-121 bde-section\">\n  \n  \n\t\n\n\n\n<div class=\"section-container\"><div class=\"bde-columns-57-122 bde-columns\"><div class=\"bde-column-57-123 bde-column\">\n  \n  \n\t\n\n\n\n<img decoding=\"async\" class=\"bde-image2-57-124 bde-image2\" src=\"https:\/\/kajaki.niubrands.pl\/wp-content\/uploads\/2026\/03\/Kajaki_bez-tla.png\" loading=\"lazy\" srcset=\"https:\/\/kajaki.niubrands.pl\/wp-content\/uploads\/2026\/03\/Kajaki_bez-tla.png 1248w, https:\/\/kajaki.niubrands.pl\/wp-content\/uploads\/2026\/03\/Kajaki_bez-tla-300x200.png 300w, https:\/\/kajaki.niubrands.pl\/wp-content\/uploads\/2026\/03\/Kajaki_bez-tla-1024x683.png 1024w, https:\/\/kajaki.niubrands.pl\/wp-content\/uploads\/2026\/03\/Kajaki_bez-tla-768x512.png 768w\" sizes=\"(max-width: 1248px) 100vw, 1248px\">\n<\/div><div class=\"bde-column-57-125 bde-column\">\n  \n  \n\t\n\n\n\n<h2 class=\"bde-heading-57-126 bde-heading\">\nKajak Rafa \u2013 z mo\u017cliwo\u015bci\u0105 dostawki dla dziecka\n<\/h2><div class=\"bde-text-57-128 bde-text\">\n<br>Wymiary\t <br>D\u0142ugo\u015b\u0107\t4m<br>Szeroko\u015b\u0107\t85cm<br>Wysoko\u015b\u0107 burty\t35cm<br>Wysoko\u015b\u0107 max\t37cm<br>Waga\t36kg<br>Wyporno\u015b\u0107\t250kg<br>Kokpit wewn\u0105trz\t219cm x 54cm<br>Tworzywo\tLDPE\n<\/div>\n<\/div><\/div><\/div>\n<\/section>","protected":false},"excerpt":{"rendered":"<p>Sp\u0142ywy kajakowe Pilic\u0105Nasz sprz\u0119t Dysponujemy nowoczesnymi i bezpiecznymi kajakami polietylenowymi: Kajak Sprinter Wymiary D\u0142ugo\u015b\u0107 4,25mSzeroko\u015b\u0107 80cmWysoko\u015b\u0107 burty 34cmWysoko\u015b\u0107 max 36cmWaga 37kgWyporno\u015b\u0107 270kgKokpit wewn\u0105trz 221cm x 49cmTworzywo HDPE Kajak Cayman \u2013 z dostawk\u0105 dla dzieci Wymiary D\u0142ugo\u015b\u0107 3,8mSzeroko\u015b\u0107 82cmWysoko\u015b\u0107 burty 32cmWysoko\u015b\u0107 max 37cmWaga 34kgWyporno\u015b\u0107 240kgKokpit wewn\u0105trz 223cm x 54cmTworzywo LDPE Kajak Rafa \u2013 z mo\u017cliwo\u015bci\u0105 dostawki [&hellip;]<\/p>\n","protected":false},"author":1,"featured_media":0,"parent":0,"menu_order":0,"comment_status":"closed","ping_status":"closed","template":"","meta":{"_breakdance_hide_in_design_set":false,"_breakdance_tags":"","footnotes":""},"class_list":["post-57","page","type-page","status-publish","hentry"],"_links":{"self":[{"href":"https:\/\/kajaki.niubrands.pl\/index.php\/wp-json\/wp\/v2\/pages\/57","targetHints":{"allow":["GET"]}}],"collection":[{"href":"https:\/\/kajaki.niubrands.pl\/index.php\/wp-json\/wp\/v2\/pages"}],"about":[{"href":"https:\/\/kajaki.niubrands.pl\/index.php\/wp-json\/wp\/v2\/types\/page"}],"author":[{"embeddable":true,"href":"https:\/\/kajaki.niubrands.pl\/index.php\/wp-json\/wp\/v2\/users\/1"}],"replies":[{"embeddable":true,"href":"https:\/\/kajaki.niubrands.pl\/index.php\/wp-json\/wp\/v2\/comments?post=57"}],"version-history":[{"count":9,"href":"https:\/\/kajaki.niubrands.pl\/index.php\/wp-json\/wp\/v2\/pages\/57\/revisions"}],"predecessor-version":[{"id":170,"href":"https:\/\/kajaki.niubrands.pl\/index.php\/wp-json\/wp\/v2\/pages\/57\/revisions\/170"}],"wp:attachment":[{"href":"https:\/\/kajaki.niubrands.pl\/index.php\/wp-json\/wp\/v2\/media?parent=57"}],"curies":[{"name":"wp","href":"https:\/\/api.w.org\/{rel}","templated":true}]}}