{"id":68,"date":"2026-02-24T17:39:13","date_gmt":"2026-02-24T16:39:13","guid":{"rendered":"https:\/\/kajaki.niubrands.pl\/?page_id=68"},"modified":"2026-03-02T22:16:31","modified_gmt":"2026-03-02T21:16:31","slug":"cennik","status":"publish","type":"page","link":"https:\/\/kajaki.niubrands.pl\/index.php\/cennik\/","title":{"rendered":"Cennik"},"content":{"rendered":"<section class=\"bde-section-68-100 bde-section\">\n  \n  \n\t\n\n\n\n<div class=\"section-container\"><h1 class=\"bde-heading-68-101 bde-heading\">\nSp\u0142ywy kajakowe Pilic\u0105<br>Cennik\n<\/h1><\/div>\n<\/section><section class=\"bde-section-68-102 bde-section\">\n  \n  \n\t\n\n\n\n<div class=\"section-container\"><div class=\"bde-columns-68-105 bde-columns\"><div class=\"bde-column-68-106 bde-column\">\n  \n  \n\t\n\n\n\n<h3 class=\"bde-heading-68-107 bde-heading\">\nKajaki jednoosobowe\n<\/h3><div class=\"bde-text-68-108 bde-text\">\nOferujemy wynajem kajak\u00f3w jednoosobowych, kt\u00f3re zapewniaj\u0105 pe\u0142n\u0105 swobod\u0119 manewrowania i s\u0105 idealnym wyborem dla os\u00f3b ceni\u0105cych samodzielno\u015b\u0107 na rzece Pilica.\n<\/div><div class=\"bde-fancy-divider-68-109 bde-fancy-divider\">\n\n\n<div class=\"bde-fancy-divider__wrapper\">\n  <div class=\"bde-fancy-divider__separator has-content has-content-flex-start \">\n  \t    \t    \t          <div class=\"bde-fancy-divider__content bde-fancy-divider__content--text\">\n          Co w cenie\n          <\/div>\n    \t      <\/div>\n<\/div>\n\n<\/div><div class=\"bde-columns-68-110 bde-columns\"><div class=\"bde-column-68-111 bde-column\">\n  \n  \n\t\n\n\n\n<div class=\"bde-checkmark-list-68-112 bde-checkmark-list\">\n<ul>\n  \n              \n              \n    <li>\n      <span class='bde-checkmark-list__icon bde-checkmark-list__icon_yes '>\n                  <svg xmlns=\"http:\/\/www.w3.org\/2000\/svg\" viewBox=\"0 0 24 24\"><path d=\"M18.71,7.21a1,1,0,0,0-1.42,0L9.84,14.67,6.71,11.53A1,1,0,1,0,5.29,13l3.84,3.84a1,1,0,0,0,1.42,0l8.16-8.16A1,1,0,0,0,18.71,7.21Z\"\/><\/svg>\n              <\/span>\n      <div >\n        lekkie wios\u0142a\n      <\/div>\n\n    <\/li>\n\n  <\/ul>\n\n<\/div>\n<\/div><div class=\"bde-column-68-154 bde-column\">\n  \n  \n\t\n\n\n\n<div class=\"bde-checkmark-list-68-114 bde-checkmark-list\">\n<ul>\n  \n              \n              \n    <li>\n      <span class='bde-checkmark-list__icon bde-checkmark-list__icon_yes '>\n                  <svg xmlns=\"http:\/\/www.w3.org\/2000\/svg\" viewBox=\"0 0 24 24\"><path d=\"M18.71,7.21a1,1,0,0,0-1.42,0L9.84,14.67,6.71,11.53A1,1,0,1,0,5.29,13l3.84,3.84a1,1,0,0,0,1.42,0l8.16-8.16A1,1,0,0,0,18.71,7.21Z\"\/><\/svg>\n              <\/span>\n      <div >\n        kamizelka asekuracyjna\n      <\/div>\n\n    <\/li>\n\n  <\/ul>\n\n<\/div>\n<\/div><div class=\"bde-column-68-113 bde-column\">\n  \n  \n\t\n\n\n\n<div class=\"bde-checkmark-list-68-155 bde-checkmark-list\">\n<ul>\n  \n              \n              \n    <li>\n      <span class='bde-checkmark-list__icon bde-checkmark-list__icon_yes '>\n                  <svg xmlns=\"http:\/\/www.w3.org\/2000\/svg\" viewBox=\"0 0 24 24\"><path d=\"M18.71,7.21a1,1,0,0,0-1.42,0L9.84,14.67,6.71,11.53A1,1,0,1,0,5.29,13l3.84,3.84a1,1,0,0,0,1.42,0l8.16-8.16A1,1,0,0,0,18.71,7.21Z\"\/><\/svg>\n              <\/span>\n      <div >\n        transport kajaku\n      <\/div>\n\n    <\/li>\n\n  <\/ul>\n\n<\/div>\n<\/div><\/div>\n<\/div><div class=\"bde-column-68-115 bde-column\">\n  \n  \n\t\n\n\n\n<h2 class=\"bde-heading-68-117 bde-heading\">\n100 z\u0142 \u2013 weekendy i \u015bwi\u0119ta\n<\/h2><h2 class=\"bde-heading-68-120 bde-heading\">\n80 z\u0142 \u2013 dni robocze\n<\/h2><div class=\"bde-button-68-149 bde-button\">\n    \n                        \n                        \n    \n    \n    \n    \n            \n                    \n            \n            \n\n    \n    \n    \n    \n    \n    <a class=\"breakdance-link button-atom button-atom--custom bde-button__button\" href=\"tel:668662922\" target=\"_self\" data-type=\"contact\"  >\n\n    \n        <span class=\"button-atom__text\">Rezerwacja telefoniczna<\/span>\n\n        \n        \n                <\/a>\n\n    \n\n\n<\/div>\n<\/div><\/div><div class=\"bde-columns-68-121 bde-columns\"><div class=\"bde-column-68-122 bde-column\">\n  \n  \n\t\n\n\n\n<h3 class=\"bde-heading-68-123 bde-heading\">\nKajaki dwuoosobowe\n<\/h3><div class=\"bde-text-68-124 bde-text\">\nKajaki dwuosobowe to najcz\u0119\u015bciej wybierana opcja, doskona\u0142a dla par, przyjaci\u00f3\u0142 oraz rodzica z dzieckiem, gwarantuj\u0105ca komfort i wsp\u00f3lne prze\u017cywanie przygody.\n<\/div><div class=\"bde-fancy-divider-68-156 bde-fancy-divider\">\n\n\n<div class=\"bde-fancy-divider__wrapper\">\n  <div class=\"bde-fancy-divider__separator has-content has-content-flex-start \">\n  \t    \t    \t          <div class=\"bde-fancy-divider__content bde-fancy-divider__content--text\">\n          Co w cenie\n          <\/div>\n    \t      <\/div>\n<\/div>\n\n<\/div><div class=\"bde-columns-68-157 bde-columns\"><div class=\"bde-column-68-158 bde-column\">\n  \n  \n\t\n\n\n\n<div class=\"bde-checkmark-list-68-159 bde-checkmark-list\">\n<ul>\n  \n              \n              \n    <li>\n      <span class='bde-checkmark-list__icon bde-checkmark-list__icon_yes '>\n                  <svg xmlns=\"http:\/\/www.w3.org\/2000\/svg\" viewBox=\"0 0 24 24\"><path d=\"M18.71,7.21a1,1,0,0,0-1.42,0L9.84,14.67,6.71,11.53A1,1,0,1,0,5.29,13l3.84,3.84a1,1,0,0,0,1.42,0l8.16-8.16A1,1,0,0,0,18.71,7.21Z\"\/><\/svg>\n              <\/span>\n      <div >\n        lekkie wios\u0142a\n      <\/div>\n\n    <\/li>\n\n  <\/ul>\n\n<\/div>\n<\/div><div class=\"bde-column-68-160 bde-column\">\n  \n  \n\t\n\n\n\n<div class=\"bde-checkmark-list-68-161 bde-checkmark-list\">\n<ul>\n  \n              \n              \n    <li>\n      <span class='bde-checkmark-list__icon bde-checkmark-list__icon_yes '>\n                  <svg xmlns=\"http:\/\/www.w3.org\/2000\/svg\" viewBox=\"0 0 24 24\"><path d=\"M18.71,7.21a1,1,0,0,0-1.42,0L9.84,14.67,6.71,11.53A1,1,0,1,0,5.29,13l3.84,3.84a1,1,0,0,0,1.42,0l8.16-8.16A1,1,0,0,0,18.71,7.21Z\"\/><\/svg>\n              <\/span>\n      <div >\n        kamizelka asekuracyjna\n      <\/div>\n\n    <\/li>\n\n  <\/ul>\n\n<\/div>\n<\/div><div class=\"bde-column-68-162 bde-column\">\n  \n  \n\t\n\n\n\n<div class=\"bde-checkmark-list-68-163 bde-checkmark-list\">\n<ul>\n  \n              \n              \n    <li>\n      <span class='bde-checkmark-list__icon bde-checkmark-list__icon_yes '>\n                  <svg xmlns=\"http:\/\/www.w3.org\/2000\/svg\" viewBox=\"0 0 24 24\"><path d=\"M18.71,7.21a1,1,0,0,0-1.42,0L9.84,14.67,6.71,11.53A1,1,0,1,0,5.29,13l3.84,3.84a1,1,0,0,0,1.42,0l8.16-8.16A1,1,0,0,0,18.71,7.21Z\"\/><\/svg>\n              <\/span>\n      <div >\n        transport kajaku\n      <\/div>\n\n    <\/li>\n\n  <\/ul>\n\n<\/div>\n<\/div><\/div>\n<\/div><div class=\"bde-column-68-131 bde-column\">\n  \n  \n\t\n\n\n\n<h2 class=\"bde-heading-68-132 bde-heading\">\n100 z\u0142 \u2013 weekendy i \u015bwi\u0119ta\n<\/h2><h2 class=\"bde-heading-68-133 bde-heading\">\n80 z\u0142 \u2013 dni robocze\n<\/h2><div class=\"bde-button-68-152 bde-button\">\n    \n                        \n                        \n    \n    \n    \n    \n            \n                    \n            \n            \n\n    \n    \n    \n    \n    \n    <a class=\"breakdance-link button-atom button-atom--custom bde-button__button\" href=\"tel:668662922\" target=\"_self\" data-type=\"contact\"  >\n\n    \n        <span class=\"button-atom__text\">Rezerwacja telefoniczna<\/span>\n\n        \n        \n                <\/a>\n\n    \n\n\n<\/div>\n<\/div><\/div><div class=\"bde-columns-68-135 bde-columns\"><div class=\"bde-column-68-136 bde-column\">\n  \n  \n\t\n\n\n\n<h3 class=\"bde-heading-68-137 bde-heading\">\nKajaki trzyosobowe\n<\/h3><div class=\"bde-text-68-138 bde-text\">\nKajaki trzyosobowe \u015bwietnie sprawdzaj\u0105 si\u0119 podczas rodzinnych sp\u0142yw\u00f3w, umo\u017cliwiaj\u0105c bezpieczne i wygodne p\u0142ywanie z dzieckiem w jednym kajaku.\n<\/div><div class=\"bde-fancy-divider-68-171 bde-fancy-divider\">\n\n\n<div class=\"bde-fancy-divider__wrapper\">\n  <div class=\"bde-fancy-divider__separator has-content has-content-flex-start \">\n  \t    \t    \t          <div class=\"bde-fancy-divider__content bde-fancy-divider__content--text\">\n          Co w cenie\n          <\/div>\n    \t      <\/div>\n<\/div>\n\n<\/div><div class=\"bde-columns-68-164 bde-columns\"><div class=\"bde-column-68-165 bde-column\">\n  \n  \n\t\n\n\n\n<div class=\"bde-checkmark-list-68-166 bde-checkmark-list\">\n<ul>\n  \n              \n              \n    <li>\n      <span class='bde-checkmark-list__icon bde-checkmark-list__icon_yes '>\n                  <svg xmlns=\"http:\/\/www.w3.org\/2000\/svg\" viewBox=\"0 0 24 24\"><path d=\"M18.71,7.21a1,1,0,0,0-1.42,0L9.84,14.67,6.71,11.53A1,1,0,1,0,5.29,13l3.84,3.84a1,1,0,0,0,1.42,0l8.16-8.16A1,1,0,0,0,18.71,7.21Z\"\/><\/svg>\n              <\/span>\n      <div >\n        lekkie wios\u0142a\n      <\/div>\n\n    <\/li>\n\n  <\/ul>\n\n<\/div>\n<\/div><div class=\"bde-column-68-167 bde-column\">\n  \n  \n\t\n\n\n\n<div class=\"bde-checkmark-list-68-168 bde-checkmark-list\">\n<ul>\n  \n              \n              \n    <li>\n      <span class='bde-checkmark-list__icon bde-checkmark-list__icon_yes '>\n                  <svg xmlns=\"http:\/\/www.w3.org\/2000\/svg\" viewBox=\"0 0 24 24\"><path d=\"M18.71,7.21a1,1,0,0,0-1.42,0L9.84,14.67,6.71,11.53A1,1,0,1,0,5.29,13l3.84,3.84a1,1,0,0,0,1.42,0l8.16-8.16A1,1,0,0,0,18.71,7.21Z\"\/><\/svg>\n              <\/span>\n      <div >\n        kamizelka asekuracyjna\n      <\/div>\n\n    <\/li>\n\n  <\/ul>\n\n<\/div>\n<\/div><div class=\"bde-column-68-169 bde-column\">\n  \n  \n\t\n\n\n\n<div class=\"bde-checkmark-list-68-170 bde-checkmark-list\">\n<ul>\n  \n              \n              \n    <li>\n      <span class='bde-checkmark-list__icon bde-checkmark-list__icon_yes '>\n                  <svg xmlns=\"http:\/\/www.w3.org\/2000\/svg\" viewBox=\"0 0 24 24\"><path d=\"M18.71,7.21a1,1,0,0,0-1.42,0L9.84,14.67,6.71,11.53A1,1,0,1,0,5.29,13l3.84,3.84a1,1,0,0,0,1.42,0l8.16-8.16A1,1,0,0,0,18.71,7.21Z\"\/><\/svg>\n              <\/span>\n      <div >\n        transport kajaku\n      <\/div>\n\n    <\/li>\n\n  <\/ul>\n\n<\/div>\n<\/div><\/div>\n<\/div><div class=\"bde-column-68-145 bde-column\">\n  \n  \n\t\n\n\n\n<h2 class=\"bde-heading-68-146 bde-heading\">\n100 z\u0142 \u2013 weekendy i \u015bwi\u0119ta\n<\/h2><h2 class=\"bde-heading-68-147 bde-heading\">\n80 z\u0142 \u2013 dni robocze\n<\/h2><div class=\"bde-button-68-153 bde-button\">\n    \n                        \n                        \n    \n    \n    \n    \n            \n                    \n            \n            \n\n    \n    \n    \n    \n    \n    <a class=\"breakdance-link button-atom button-atom--custom bde-button__button\" href=\"tel:668662922\" target=\"_self\" data-type=\"contact\"  >\n\n    \n        <span class=\"button-atom__text\">Rezerwacja telefoniczna<\/span>\n\n        \n        \n                <\/a>\n\n    \n\n\n<\/div>\n<\/div><\/div><\/div>\n<\/section>","protected":false},"excerpt":{"rendered":"<p>Sp\u0142ywy kajakowe Pilic\u0105Cennik Kajaki jednoosobowe Oferujemy wynajem kajak\u00f3w jednoosobowych, kt\u00f3re zapewniaj\u0105 pe\u0142n\u0105 swobod\u0119 manewrowania i s\u0105 idealnym wyborem dla os\u00f3b ceni\u0105cych samodzielno\u015b\u0107 na rzece Pilica. Co w cenie lekkie wios\u0142a kamizelka asekuracyjna transport kajaku 100 z\u0142 \u2013 weekendy i \u015bwi\u0119ta 80 z\u0142 \u2013 dni robocze Rezerwacja telefoniczna Kajaki dwuoosobowe Kajaki dwuosobowe to najcz\u0119\u015bciej wybierana opcja, [&hellip;]<\/p>\n","protected":false},"author":1,"featured_media":0,"parent":0,"menu_order":0,"comment_status":"closed","ping_status":"closed","template":"","meta":{"_breakdance_hide_in_design_set":false,"_breakdance_tags":"","footnotes":""},"class_list":["post-68","page","type-page","status-publish","hentry"],"_links":{"self":[{"href":"https:\/\/kajaki.niubrands.pl\/index.php\/wp-json\/wp\/v2\/pages\/68","targetHints":{"allow":["GET"]}}],"collection":[{"href":"https:\/\/kajaki.niubrands.pl\/index.php\/wp-json\/wp\/v2\/pages"}],"about":[{"href":"https:\/\/kajaki.niubrands.pl\/index.php\/wp-json\/wp\/v2\/types\/page"}],"author":[{"embeddable":true,"href":"https:\/\/kajaki.niubrands.pl\/index.php\/wp-json\/wp\/v2\/users\/1"}],"replies":[{"embeddable":true,"href":"https:\/\/kajaki.niubrands.pl\/index.php\/wp-json\/wp\/v2\/comments?post=68"}],"version-history":[{"count":9,"href":"https:\/\/kajaki.niubrands.pl\/index.php\/wp-json\/wp\/v2\/pages\/68\/revisions"}],"predecessor-version":[{"id":175,"href":"https:\/\/kajaki.niubrands.pl\/index.php\/wp-json\/wp\/v2\/pages\/68\/revisions\/175"}],"wp:attachment":[{"href":"https:\/\/kajaki.niubrands.pl\/index.php\/wp-json\/wp\/v2\/media?parent=68"}],"curies":[{"name":"wp","href":"https:\/\/api.w.org\/{rel}","templated":true}]}}